{"id":16891,"date":"2016-02-05T13:55:01","date_gmt":"2016-02-05T13:55:01","guid":{"rendered":"http:\/\/www.nordicbeet.nu\/en\/about-nbr\/sukkeroavgitsfonden\/"},"modified":"2025-04-22T08:00:51","modified_gmt":"2025-04-22T08:00:51","slug":"sukkeroafgiftsfonden","status":"publish","type":"page","link":"https:\/\/old.nordicbeet.nu\/en\/about-nbr\/sukkeroafgiftsfonden\/","title":{"rendered":"Sukkerroeafgiftsfonden"},"content":{"rendered":"<div class=\"wpb-content-wrapper\"><p>[vc_row][vc_column][vc_column_text]Sukkerroeafgiftsfondens form\u00e5l er at styrke sukkerroedyrkningens udvikling.<\/p>\n<p>Sukkerroeafgiftsfonden er en fond, som i lighed med en r\u00e6kke \u00f8vrige afgiftsfonde indenfor landbrugs- og gartneriomr\u00e5det er stiftet og yder tilskud til en r\u00e6kke aktiviteter i henhold til bestemmelserne i den lov, som i daglig tale ben\u00e6vnes Landbrugsst\u00f8tteloven.<\/p>\n<p>NBR Nordic Beet Research modtager i 2025 tilskud til projekterne <a href=\"https:\/\/www.old.nordicbeet.nu\/wp-content\/uploads\/2025\/04\/nbr_sraf-ansoegning-2025_biomasse-og-rentabilitet-i-sukkerroedyrkningen.pdf\">&#8220;Biomasse og rentabilitet i sukkerroedyrkning&#8221;<\/a>,<a href=\"https:\/\/www.old.nordicbeet.nu\/wp-content\/uploads\/2025\/04\/nbr_sraf-ansoegning-2025_optimal-goedskning-af-sukkerroer-med-kvaelstof-og-fosfor.pdf\"> &#8220;Optimal g\u00f8dskning af sukkerroer med kv\u00e6lstof og fosfor&#8221;<\/a>, <a href=\"https:\/\/www.old.nordicbeet.nu\/wp-content\/uploads\/2025\/04\/nbr_sraf-ansoegning-2025_udvikling-af-ukrudtsbekaempelse-i-sukkerroedyrkningen-ipm.pdf\">&#8220;Udvikling af ukrudtsbek\u00e6mpelse i sukkerroedyrkningen (IPM)&#8221;<\/a><a href=\"https:\/\/www.old.nordicbeet.nu\/wp-content\/uploads\/2025\/04\/nbr_sraf-ansoegning-2025_ipm-bekaempelse-af-skadedyr-i-sukkerroedyrkning.pdf\">,&#8221;IPM-bek\u00e6mpelse af skadedyr i sukkerroedyrkning&#8221;<\/a> og <a href=\"https:\/\/www.old.nordicbeet.nu\/wp-content\/uploads\/2025\/04\/nbr_sraf-ansoegning-2025_ipm-bekaempelse-af-bladsvampe-i-sukkerroedyrkning.pdf\">&#8220;IPM-bek\u00e6mpelse af bladsvampe i sukkerroedyrkning&#8221;<\/a>.<\/p>\n<p>NBR Nordic Beet Research har i 2024 modtaget tilskud til projekterne: &#8220;Biomasseproduktion og rentabilitet i sukkerroedyrkningen&#8221;, &#8220;Udvikling af ukrudtsbek\u00e6mpelse i sukkerroedyrkningen&#8221;, &#8220;Forekomst af jordb\u00e5re svampe ohttps:\/\/www.old.nordicbeet.nu\/wp-content\/uploads\/2024\/07\/nbr_sraf-ansoegning-2024_ipm-bekaempelse-af-skadedyr-i-sukkerroedyrkning.pdfg fritlevende nematoder i danske roemarker&#8221;, &#8220;IPM-bek\u00e6mpelse af skadedyr i sukkerroedyrkning&#8221; og &#8220;IPM-bek\u00e6mpelse af bladsvampe i sukkerroedyrkning&#8221;,<\/p>\n<p>Afrapportering\/faglig beretning af projekterne kan ses her.<\/p>\n<p>Resultater fra projekterne bearbejdes l\u00f8bende og i l\u00f8bet af 1. halv\u00e5r 2025 udarbejdes rapporter som kan findes her p\u00e5 siden eller ved s\u00f8gning under Publikationer. Desuden udgiver NBR hvert \u00e5r i februar &#8220;NBR Faglig beretning&#8221; som indeholder resultater fra de forskellige projekter.<\/p>\n<p>Alle resultater stille gratis til r\u00e5dighed for alle parter og vil v\u00e6re tilg\u00e6ngelige p\u00e5 NBR&#8217;s hjemmeside i mindst 5 \u00e5r. De seneste 5 \u00e5rs resultater kan ses her <a href=\"https:\/\/www.old.nordicbeet.nu\/en\/publications\/?fwp_publication_type_dk=sraf-rapport&#038;fwp_publication_year_dk=2024\">2024<\/a>, <a href=\"https:\/\/www.old.nordicbeet.nu\/en\/publications\/?fwp_publication_type_dk=sraf-rapport&#038;fwp_publication_year_dk=2023\">2023<\/a>, <a href=\"https:\/\/www.old.nordicbeet.nu\/en\/publications\/?fwp_publication_type_dk=sraf-rapport&#038;fwp_publication_year_dk=2022\">2022<\/a>, <a href=\"https:\/\/www.old.nordicbeet.nu\/en\/publications\/?fwp_publication_type_dk=sraf-rapport&#038;fwp_publication_year_dk=2021\">2021<\/a>, <a href=\"https:\/\/www.old.nordicbeet.nu\/en\/publications\/?fwp_publication_type_dk=sraf-rapport&#038;fwp_publication_year_dk=2020\">2020<\/a> og <a href=\"https:\/\/www.old.nordicbeet.nu\/en\/publications\/?fwp_publication_type_dk=sraf-rapport&#038;fwp_publication_year_dk=2019\">2019<\/a>.<\/p>\n<p><strong>Sukkerroeafgiftsfonden administreres af<\/strong>:<br \/>\nDanske Sukkerroedyrkere<br \/>\nAxeltorv 3, 1. sal<br \/>\n1609 K\u00f8benhavn V<br \/>\nTlf. 33 39 40 09<br \/>\nFax 33 39 41 51<br \/>\nE-mail. <a href=\"mailto:ks@lf.dk\">ks@lf.dk<\/a><\/p>\n<p><a href=\"http:\/\/www.sukkerroeafgiftsfonden.dk\/\" target=\"_blank\" rel=\"noopener noreferrer\">http:\/\/www.sukkerroeafgiftsfonden.dk\/<\/a>[\/vc_column_text][\/vc_column][\/vc_row]<\/p>\n<\/div>","protected":false},"excerpt":{"rendered":"<p>[vc_row][vc_column][vc_column_text]Sukkerroeafgiftsfondens form\u00e5l er at styrke sukkerroedyrkningens udvikling. Sukkerroeafgiftsfonden er en fond, som i lighed med en r\u00e6kke \u00f8vrige afgiftsfonde indenfor landbrugs- og gartneriomr\u00e5det er stiftet og yder tilskud til en r\u00e6kke aktiviteter i henhold til bestemmelserne i den lov, som i daglig tale ben\u00e6vnes Landbrugsst\u00f8tteloven. NBR Nordic Beet Research modtager&#8230;<\/p>\n","protected":false},"author":3,"featured_media":0,"parent":11840,"menu_order":4,"comment_status":"closed","ping_status":"closed","template":"","meta":{"_acf_changed":false,"footnotes":""},"class_list":["post-16891","page","type-page","status-publish","hentry"],"acf":[],"_links":{"self":[{"href":"https:\/\/old.nordicbeet.nu\/en\/wp-json\/wp\/v2\/pages\/16891","targetHints":{"allow":["GET"]}}],"collection":[{"href":"https:\/\/old.nordicbeet.nu\/en\/wp-json\/wp\/v2\/pages"}],"about":[{"href":"https:\/\/old.nordicbeet.nu\/en\/wp-json\/wp\/v2\/types\/page"}],"author":[{"embeddable":true,"href":"https:\/\/old.nordicbeet.nu\/en\/wp-json\/wp\/v2\/users\/3"}],"replies":[{"embeddable":true,"href":"https:\/\/old.nordicbeet.nu\/en\/wp-json\/wp\/v2\/comments?post=16891"}],"version-history":[{"count":70,"href":"https:\/\/old.nordicbeet.nu\/en\/wp-json\/wp\/v2\/pages\/16891\/revisions"}],"predecessor-version":[{"id":24264,"href":"https:\/\/old.nordicbeet.nu\/en\/wp-json\/wp\/v2\/pages\/16891\/revisions\/24264"}],"up":[{"embeddable":true,"href":"https:\/\/old.nordicbeet.nu\/en\/wp-json\/wp\/v2\/pages\/11840"}],"wp:attachment":[{"href":"https:\/\/old.nordicbeet.nu\/en\/wp-json\/wp\/v2\/media?parent=16891"}],"curies":[{"name":"wp","href":"https:\/\/api.w.org\/{rel}","templated":true}]}}