{"id":23737,"date":"2024-11-20T07:22:54","date_gmt":"2024-11-20T07:22:54","guid":{"rendered":"https:\/\/www.nordicbeet.nu\/?page_id=23737"},"modified":"2025-12-03T09:50:39","modified_gmt":"2025-12-03T09:50:39","slug":"varietytrials-results","status":"publish","type":"page","link":"https:\/\/old.nordicbeet.nu\/en\/varietytrials-results\/","title":{"rendered":"Variety trials: results"},"content":{"rendered":"<p><a href=\"https:\/\/www.old.nordicbeet.nu\/sortsportal\/\">SORTFORS\u00d8G RESULTATER 2025 P\u00c5 DANSK<\/a><\/p>\n<p><a href=\"http:\/\/www.old.nordicbeet.nu\/sv\/sortportalen\">SORTF\u00d6RS\u00d6K RESULTAT 2025 P\u00c5 SVENSKA<\/a><\/p>\n","protected":false},"excerpt":{"rendered":"<p>SORTFORS\u00d8G RESULTATER 2025 P\u00c5 DANSK SORTF\u00d6RS\u00d6K RESULTAT 2025 P\u00c5 SVENSKA<\/p>\n","protected":false},"author":54,"featured_media":0,"parent":0,"menu_order":0,"comment_status":"closed","ping_status":"closed","template":"","meta":{"_acf_changed":false,"footnotes":""},"class_list":["post-23737","page","type-page","status-publish","hentry"],"acf":[],"_links":{"self":[{"href":"https:\/\/old.nordicbeet.nu\/en\/wp-json\/wp\/v2\/pages\/23737","targetHints":{"allow":["GET"]}}],"collection":[{"href":"https:\/\/old.nordicbeet.nu\/en\/wp-json\/wp\/v2\/pages"}],"about":[{"href":"https:\/\/old.nordicbeet.nu\/en\/wp-json\/wp\/v2\/types\/page"}],"author":[{"embeddable":true,"href":"https:\/\/old.nordicbeet.nu\/en\/wp-json\/wp\/v2\/users\/54"}],"replies":[{"embeddable":true,"href":"https:\/\/old.nordicbeet.nu\/en\/wp-json\/wp\/v2\/comments?post=23737"}],"version-history":[{"count":8,"href":"https:\/\/old.nordicbeet.nu\/en\/wp-json\/wp\/v2\/pages\/23737\/revisions"}],"predecessor-version":[{"id":25692,"href":"https:\/\/old.nordicbeet.nu\/en\/wp-json\/wp\/v2\/pages\/23737\/revisions\/25692"}],"wp:attachment":[{"href":"https:\/\/old.nordicbeet.nu\/en\/wp-json\/wp\/v2\/media?parent=23737"}],"curies":[{"name":"wp","href":"https:\/\/api.w.org\/{rel}","templated":true}]}}