{"id":10931,"date":"2016-02-05T13:51:52","date_gmt":"2016-02-05T13:51:52","guid":{"rendered":"http:\/\/localhost\/?page_id=10931"},"modified":"2016-05-20T11:08:15","modified_gmt":"2016-05-20T11:08:15","slug":"om-nbr","status":"publish","type":"page","link":"https:\/\/old.nordicbeet.nu\/sv\/om-nbr\/","title":{"rendered":"Om NBR"},"content":{"rendered":"<div class=\"wpb-content-wrapper\"><p>[vc_row full_width=&#8221;stretch_row_content&#8221;][vc_column][vc_single_image image=&#8221;13558&#8243; img_size=&#8221;large&#8221;][\/vc_column][\/vc_row][vc_row][vc_column][vc_column_text]NBR Nordic Beet Research \u00e4r en forsknings- och utvecklingsverksamhet som bildats av betodlarna och sockerindustrin i Danmark och Sverige. V\u00e5r uppgift \u00e4r att bidra till en starkare betodling genom l\u00f6pande provningar, insamling och generering av ny kunskap samt utveckling av nya metoder.\u00a0I egenskap av branschens forsknings- och f\u00f6rs\u00f6ksinstitution utg\u00f6r vi en f\u00f6rbindelsel\u00e4nk mellan branschens parter och den \u00f6vriga forskningsv\u00e4rlden, myndigheter samt andra intressenter.\u00a0V\u00e5r kompetens best\u00e5r, f\u00f6rutom av en betydande m\u00e4ngd kunskap och data kring betodling, ocks\u00e5 av personella resurser i form av forskare p\u00e5 M.Sc- och PhD-niv\u00e5.\u00a0NBR Nordic Beet Research har kontor och aktiviteter i Danmark och Sverige.<\/p>\n<h2>Aktuella fokusomr\u00e5den<\/h2>\n<ul>\n<li>Jordbearbetning f\u00f6r maximalt sockerutbyte och f\u00f6rb\u00e4ttrad yttre betkvalitet<\/li>\n<li>Sortval<\/li>\n<li>Sk\u00f6rd och lagring<\/li>\n<li>B\u00e4sta skydd genom betning<\/li>\n<li>Bladsjukdomar \u2013 optimal kontroll<\/li>\n<li>Ogr\u00e4sbek\u00e4mpning med begr\u00e4nsningar<\/li>\n<li>Plantetablering<\/li>\n<\/ul>\n<p>[\/vc_column_text][\/vc_column][\/vc_row][vc_row][vc_column][\/vc_column][\/vc_row]<\/p>\n<\/div>","protected":false},"excerpt":{"rendered":"<p>[vc_row full_width=&#8221;stretch_row_content&#8221;][vc_column][vc_single_image image=&#8221;13558&#8243; img_size=&#8221;large&#8221;][\/vc_column][\/vc_row][vc_row][vc_column][vc_column_text]NBR Nordic Beet Research \u00e4r en forsknings- och utvecklingsverksamhet som bildats av betodlarna och sockerindustrin i Danmark och Sverige. V\u00e5r uppgift \u00e4r att bidra till en starkare betodling genom l\u00f6pande provningar, insamling och generering av ny kunskap samt utveckling av nya metoder.\u00a0I egenskap av branschens forsknings- och&#8230;<\/p>\n","protected":false},"author":49,"featured_media":13047,"parent":0,"menu_order":3,"comment_status":"closed","ping_status":"closed","template":"","meta":{"_acf_changed":false,"footnotes":""},"class_list":["post-10931","page","type-page","status-publish","has-post-thumbnail","hentry"],"acf":[],"_links":{"self":[{"href":"https:\/\/old.nordicbeet.nu\/sv\/wp-json\/wp\/v2\/pages\/10931","targetHints":{"allow":["GET"]}}],"collection":[{"href":"https:\/\/old.nordicbeet.nu\/sv\/wp-json\/wp\/v2\/pages"}],"about":[{"href":"https:\/\/old.nordicbeet.nu\/sv\/wp-json\/wp\/v2\/types\/page"}],"author":[{"embeddable":true,"href":"https:\/\/old.nordicbeet.nu\/sv\/wp-json\/wp\/v2\/users\/49"}],"replies":[{"embeddable":true,"href":"https:\/\/old.nordicbeet.nu\/sv\/wp-json\/wp\/v2\/comments?post=10931"}],"version-history":[{"count":14,"href":"https:\/\/old.nordicbeet.nu\/sv\/wp-json\/wp\/v2\/pages\/10931\/revisions"}],"predecessor-version":[{"id":14242,"href":"https:\/\/old.nordicbeet.nu\/sv\/wp-json\/wp\/v2\/pages\/10931\/revisions\/14242"}],"wp:featuredmedia":[{"embeddable":true,"href":"https:\/\/old.nordicbeet.nu\/sv\/wp-json\/wp\/v2\/media\/13047"}],"wp:attachment":[{"href":"https:\/\/old.nordicbeet.nu\/sv\/wp-json\/wp\/v2\/media?parent=10931"}],"curies":[{"name":"wp","href":"https:\/\/api.w.org\/{rel}","templated":true}]}}