{"id":10942,"date":"2016-02-05T13:54:47","date_gmt":"2016-02-05T13:54:47","guid":{"rendered":"http:\/\/localhost\/?page_id=10942"},"modified":"2016-05-17T11:18:33","modified_gmt":"2016-05-17T11:18:33","slug":"lexicon","status":"publish","type":"page","link":"https:\/\/old.nordicbeet.nu\/sv\/om-nbr\/lexicon\/","title":{"rendered":"Lexikon"},"content":{"rendered":"<div class=\"wpb-content-wrapper\"><p>[vc_row][vc_column width=&#8221;1\/2&#8243;][vc_column_text]<\/p>\n<table>\n<tbody>\n<tr>\n<td width=\"145\"><strong>Dansk<\/strong><\/td>\n<td width=\"145\"><strong>Svensk<\/strong><\/td>\n<\/tr>\n<tr>\n<td width=\"145\">Ager<\/td>\n<td width=\"145\">\u00c5ker<\/td>\n<\/tr>\n<tr>\n<td width=\"145\">Desuden<\/td>\n<td width=\"145\">\u00c4ven<\/td>\n<\/tr>\n<tr>\n<td width=\"145\">Dyrker<\/td>\n<td width=\"145\">Odlar<\/td>\n<\/tr>\n<tr>\n<td width=\"145\">Dyrkes<\/td>\n<td width=\"145\">Odles<\/td>\n<\/tr>\n<tr>\n<td width=\"145\">Dyrkning<\/td>\n<td width=\"145\">Odling<\/td>\n<\/tr>\n<tr>\n<td width=\"145\">Efter\u00e5r<\/td>\n<td width=\"145\">H\u00f6sten<\/td>\n<\/tr>\n<tr>\n<td width=\"145\">Forklares<\/td>\n<td width=\"145\">Redovises<\/td>\n<\/tr>\n<tr>\n<td width=\"145\">Forskelle<\/td>\n<td width=\"145\">Skillnader<\/td>\n<\/tr>\n<tr>\n<td width=\"145\">Forskellige<\/td>\n<td width=\"145\">Olika<\/td>\n<\/tr>\n<tr>\n<td width=\"145\">For\u00e5rsager<\/td>\n<td width=\"145\">Orsaker<\/td>\n<\/tr>\n<tr>\n<td width=\"145\">F\u00e6lles<\/td>\n<td width=\"145\">Gemensamma<\/td>\n<\/tr>\n<tr>\n<td width=\"145\">Gentagelser<\/td>\n<td width=\"145\">Upprepningar<\/td>\n<\/tr>\n<tr>\n<td width=\"145\">G\u00f8dning<\/td>\n<td width=\"145\">G\u00f6dsel<\/td>\n<\/tr>\n<tr>\n<td width=\"145\">J\u00e6vnf\u00f8re<\/td>\n<td width=\"145\">J\u00e4mf\u00f6ra<\/td>\n<\/tr>\n<tr>\n<td width=\"145\">Korn<\/td>\n<td width=\"145\">Spannm\u00e5l<\/td>\n<\/tr>\n<tr>\n<td width=\"145\">Lavere<\/td>\n<td width=\"145\">L\u00e4gre<\/td>\n<\/tr>\n<tr>\n<td width=\"145\">Mark<\/td>\n<td width=\"145\">F\u00e4lt<\/td>\n<\/tr>\n<tr>\n<td width=\"145\">Mindst<\/td>\n<td width=\"145\">\u00c5tminstone<\/td>\n<\/tr>\n<tr>\n<td width=\"145\">Omkostninger<\/td>\n<td width=\"145\">Kostnad<\/td>\n<\/tr>\n<tr>\n<td width=\"145\">Opg\u00f8relse<\/td>\n<td width=\"145\">R\u00e4kning<\/td>\n<\/tr>\n<tr>\n<td width=\"145\">Pr\u00f8vevask<\/td>\n<td width=\"145\">Provtv\u00e4tt<\/td>\n<\/tr>\n<tr>\n<td width=\"145\">Roemark<\/td>\n<td width=\"145\">Betf\u00e4lt<\/td>\n<\/tr>\n<tr>\n<td width=\"145\">Roen<\/td>\n<td width=\"145\">Betan<\/td>\n<\/tr>\n<tr>\n<td width=\"145\">Roer<\/td>\n<td width=\"145\">Betor<\/td>\n<\/tr>\n<tr>\n<td width=\"145\">Savnes<\/td>\n<td width=\"145\">Saknes<\/td>\n<\/tr>\n<tr>\n<td width=\"145\">Sukkerindhold<\/td>\n<td width=\"145\">Sockerhalt<\/td>\n<\/tr>\n<tr>\n<td width=\"145\">Sygdomme<\/td>\n<td width=\"145\">Sjukdomar<\/td>\n<\/tr>\n<tr>\n<td width=\"145\">Tab<\/td>\n<td width=\"145\">F\u00f6rluster<\/td>\n<\/tr>\n<tr>\n<td width=\"145\">Udbytte<\/td>\n<td width=\"145\">Sk\u00f6rd<\/td>\n<\/tr>\n<tr>\n<td width=\"145\">Uj\u00e6vn<\/td>\n<td width=\"145\">Oj\u00e4mnt<\/td>\n<\/tr>\n<tr>\n<td width=\"145\">Ukrudt<\/td>\n<td width=\"145\">Ogr\u00e4s<\/td>\n<\/tr>\n<tr>\n<td width=\"145\">Ulempe<\/td>\n<td width=\"145\">Nackdel<\/td>\n<\/tr>\n<tr>\n<td width=\"145\">Vejrlig<\/td>\n<td width=\"145\">V\u00e4derlek<\/td>\n<\/tr>\n<tr>\n<td width=\"145\">V\u00e6rdi<\/td>\n<td width=\"145\">V\u00e4rde<\/td>\n<\/tr>\n<\/tbody>\n<\/table>\n<p>[\/vc_column_text][\/vc_column][vc_column width=&#8221;1\/2&#8243;][vc_column_text]<\/p>\n<table width=\"264\">\n<tbody>\n<tr>\n<td width=\"145\"><strong>Svenska<\/strong><\/td>\n<td width=\"145\"><strong>Danska<\/strong><\/td>\n<\/tr>\n<tr>\n<td width=\"145\">Betan<\/td>\n<td width=\"145\">Roen<\/td>\n<\/tr>\n<tr>\n<td width=\"145\">Betf\u00e4lt<\/td>\n<td width=\"145\">Roemark<\/td>\n<\/tr>\n<tr>\n<td width=\"145\">Betor<\/td>\n<td width=\"145\">Roer<\/td>\n<\/tr>\n<tr>\n<td width=\"145\">F\u00e4lt<\/td>\n<td width=\"145\">Mark<\/td>\n<\/tr>\n<tr>\n<td width=\"145\">F\u00f6rluster<\/td>\n<td width=\"145\">Tab<\/td>\n<\/tr>\n<tr>\n<td width=\"145\">Gemensamma<\/td>\n<td width=\"145\">F\u00e6lles<\/td>\n<\/tr>\n<tr>\n<td width=\"145\">G\u00f6dsel<\/td>\n<td width=\"145\">G\u00f8dning<\/td>\n<\/tr>\n<tr>\n<td width=\"145\">H\u00f6sten<\/td>\n<td width=\"145\">Efter\u00e5r<\/td>\n<\/tr>\n<tr>\n<td width=\"145\">J\u00e4mf\u00f6ra<\/td>\n<td width=\"145\">J\u00e6vnf\u00f8re<\/td>\n<\/tr>\n<tr>\n<td width=\"145\">Kostnad<\/td>\n<td width=\"145\">Omkostninger<\/td>\n<\/tr>\n<tr>\n<td width=\"145\">L\u00e4gre<\/td>\n<td width=\"145\">Lavere<\/td>\n<\/tr>\n<tr>\n<td width=\"145\">Nackdel<\/td>\n<td width=\"145\">Ulempe<\/td>\n<\/tr>\n<tr>\n<td width=\"145\">Odlar<\/td>\n<td width=\"145\">Dyrker<\/td>\n<\/tr>\n<tr>\n<td width=\"145\">Odlas<\/td>\n<td width=\"145\">Dyrkes<\/td>\n<\/tr>\n<tr>\n<td width=\"145\">Odling<\/td>\n<td width=\"145\">Dyrkning<\/td>\n<\/tr>\n<tr>\n<td width=\"145\">Ogr\u00e4s<\/td>\n<td width=\"145\">Ukrudt<\/td>\n<\/tr>\n<tr>\n<td width=\"145\">Oj\u00e4mnt<\/td>\n<td width=\"145\">Uj\u00e6vn<\/td>\n<\/tr>\n<tr>\n<td width=\"145\">Olika<\/td>\n<td width=\"145\">Forskellige<\/td>\n<\/tr>\n<tr>\n<td width=\"145\">Orsaker<\/td>\n<td width=\"145\">For\u00e5rsager<\/td>\n<\/tr>\n<tr>\n<td width=\"145\">Provtv\u00e4tt<\/td>\n<td width=\"145\">Pr\u00f8vevask<\/td>\n<\/tr>\n<tr>\n<td width=\"145\">Redovisas<\/td>\n<td width=\"145\">Forklares<\/td>\n<\/tr>\n<tr>\n<td width=\"145\">R\u00e4kning<\/td>\n<td width=\"145\">Opg\u00f8relse<\/td>\n<\/tr>\n<tr>\n<td width=\"145\">Saknas<\/td>\n<td width=\"145\">Savnes<\/td>\n<\/tr>\n<tr>\n<td width=\"145\">Sjukdomar<\/td>\n<td width=\"145\">Sygdomme<\/td>\n<\/tr>\n<tr>\n<td width=\"145\">Skillnader<\/td>\n<td width=\"145\">Forskelle<\/td>\n<\/tr>\n<tr>\n<td width=\"145\">Sk\u00f6rd<\/td>\n<td width=\"145\">Udbytte<\/td>\n<\/tr>\n<tr>\n<td width=\"145\">Sockerhalt<\/td>\n<td width=\"145\">Sukkerindhold<\/td>\n<\/tr>\n<tr>\n<td width=\"145\">Spannm\u00e5l<\/td>\n<td width=\"145\">Korn<\/td>\n<\/tr>\n<tr>\n<td width=\"145\">Upprepningar<\/td>\n<td width=\"145\">Gentagelser<\/td>\n<\/tr>\n<tr>\n<td width=\"145\">V\u00e4derlek<\/td>\n<td width=\"145\">Vejrlig<\/td>\n<\/tr>\n<tr>\n<td width=\"145\">V\u00e4rde<\/td>\n<td width=\"145\">V\u00e6rdi<\/td>\n<\/tr>\n<tr>\n<td width=\"145\">\u00c4ven<\/td>\n<td width=\"145\">Desuden<\/td>\n<\/tr>\n<tr>\n<td width=\"145\">\u00c5ker<\/td>\n<td width=\"145\">Ager<\/td>\n<\/tr>\n<tr>\n<td width=\"145\">\u00c5tminstone<\/td>\n<td width=\"145\">Mindst<\/td>\n<\/tr>\n<\/tbody>\n<\/table>\n<p>[\/vc_column_text][\/vc_column][\/vc_row]<\/p>\n<\/div>","protected":false},"excerpt":{"rendered":"<p>[vc_row][vc_column width=&#8221;1\/2&#8243;][vc_column_text] Dansk Svensk Ager \u00c5ker Desuden \u00c4ven Dyrker Odlar Dyrkes Odles Dyrkning Odling Efter\u00e5r H\u00f6sten Forklares Redovises Forskelle Skillnader Forskellige Olika For\u00e5rsager Orsaker F\u00e6lles Gemensamma Gentagelser Upprepningar G\u00f8dning G\u00f6dsel J\u00e6vnf\u00f8re J\u00e4mf\u00f6ra Korn Spannm\u00e5l Lavere L\u00e4gre Mark F\u00e4lt Mindst \u00c5tminstone Omkostninger Kostnad Opg\u00f8relse R\u00e4kning Pr\u00f8vevask Provtv\u00e4tt Roemark Betf\u00e4lt Roen Betan&#8230;<\/p>\n","protected":false},"author":49,"featured_media":0,"parent":10931,"menu_order":3,"comment_status":"closed","ping_status":"closed","template":"","meta":{"_acf_changed":false,"footnotes":""},"class_list":["post-10942","page","type-page","status-publish","hentry"],"acf":[],"_links":{"self":[{"href":"https:\/\/old.nordicbeet.nu\/sv\/wp-json\/wp\/v2\/pages\/10942","targetHints":{"allow":["GET"]}}],"collection":[{"href":"https:\/\/old.nordicbeet.nu\/sv\/wp-json\/wp\/v2\/pages"}],"about":[{"href":"https:\/\/old.nordicbeet.nu\/sv\/wp-json\/wp\/v2\/types\/page"}],"author":[{"embeddable":true,"href":"https:\/\/old.nordicbeet.nu\/sv\/wp-json\/wp\/v2\/users\/49"}],"replies":[{"embeddable":true,"href":"https:\/\/old.nordicbeet.nu\/sv\/wp-json\/wp\/v2\/comments?post=10942"}],"version-history":[{"count":4,"href":"https:\/\/old.nordicbeet.nu\/sv\/wp-json\/wp\/v2\/pages\/10942\/revisions"}],"predecessor-version":[{"id":14223,"href":"https:\/\/old.nordicbeet.nu\/sv\/wp-json\/wp\/v2\/pages\/10942\/revisions\/14223"}],"up":[{"embeddable":true,"href":"https:\/\/old.nordicbeet.nu\/sv\/wp-json\/wp\/v2\/pages\/10931"}],"wp:attachment":[{"href":"https:\/\/old.nordicbeet.nu\/sv\/wp-json\/wp\/v2\/media?parent=10942"}],"curies":[{"name":"wp","href":"https:\/\/api.w.org\/{rel}","templated":true}]}}