{"id":23714,"date":"2024-11-20T07:22:54","date_gmt":"2024-11-20T07:22:54","guid":{"rendered":"https:\/\/www.nordicbeet.nu\/?page_id=23714"},"modified":"2025-11-27T07:14:56","modified_gmt":"2025-11-27T07:14:56","slug":"sortportalen","status":"publish","type":"page","link":"https:\/\/old.nordicbeet.nu\/sv\/sortportalen\/","title":{"rendered":"Sortf\u00f6rs\u00f6k: resultat"},"content":{"rendered":"<h2>SORTPORTALEN<\/h2>\n<h3>SORTF\u00d6RS\u00d6K 2025: INTERAKTIV INSTRUMENTPANEL<\/h3>\n<p>Resultat enligt svenskt banschavtal 2025.<\/p>\n<p>(resultater findes ogs\u00e5 <a href=\"https:\/\/www.old.nordicbeet.nu\/sortforsoeg-resultater\/\">p\u00e5 dansk<\/a>: v\u00e6lg &#8220;Dk&#8221; i menulinjen ovenfor)<\/p>\n<p>F\u00f6r b\u00e4sta upplevelse i instrumentpanelen, anv\u00e4nd helsk\u00e4rm: klicka p\u00e5 dubbelsidig pil l\u00e4ngst ner till h\u00f6ger.<\/p>\n<p><iframe loading=\"lazy\" title=\"Sort 2025 SE\" src=\"https:\/\/app.powerbi.com\/view?r=eyJrIjoiZjk3NjQ3ODYtOWJhOS00NmJkLWIwZDUtZDM2YTM4NjVkYWU0IiwidCI6ImYzN2FiYWVlLThlNzktNGZlMi1iODA0LTgyNzkwOTA2NjAyMiIsImMiOjl9\"  width=\"800\" height=\"486\" frameborder=\"0\" allowfullscreen=\"allowfullscreen\"><\/iframe><\/p>\n<p><a href=\"https:\/\/www.old.nordicbeet.nu\/sortsportalen\/\">SORTFORS\u00d8G RESULTATER 2025 P\u00c5 DANSK<\/a><\/p>\n","protected":false},"excerpt":{"rendered":"<p>SORTPORTALEN SORTF\u00d6RS\u00d6K 2025: INTERAKTIV INSTRUMENTPANEL Resultat enligt svenskt banschavtal 2025. (resultater findes ogs\u00e5 p\u00e5 dansk: v\u00e6lg &#8220;Dk&#8221; i menulinjen ovenfor) F\u00f6r b\u00e4sta upplevelse i instrumentpanelen, anv\u00e4nd helsk\u00e4rm: klicka p\u00e5 dubbelsidig pil l\u00e4ngst ner till h\u00f6ger. SORTFORS\u00d8G RESULTATER 2025 P\u00c5 DANSK<\/p>\n","protected":false},"author":54,"featured_media":0,"parent":0,"menu_order":0,"comment_status":"closed","ping_status":"closed","template":"","meta":{"_acf_changed":false,"footnotes":""},"class_list":["post-23714","page","type-page","status-publish","hentry"],"acf":[],"_links":{"self":[{"href":"https:\/\/old.nordicbeet.nu\/sv\/wp-json\/wp\/v2\/pages\/23714","targetHints":{"allow":["GET"]}}],"collection":[{"href":"https:\/\/old.nordicbeet.nu\/sv\/wp-json\/wp\/v2\/pages"}],"about":[{"href":"https:\/\/old.nordicbeet.nu\/sv\/wp-json\/wp\/v2\/types\/page"}],"author":[{"embeddable":true,"href":"https:\/\/old.nordicbeet.nu\/sv\/wp-json\/wp\/v2\/users\/54"}],"replies":[{"embeddable":true,"href":"https:\/\/old.nordicbeet.nu\/sv\/wp-json\/wp\/v2\/comments?post=23714"}],"version-history":[{"count":24,"href":"https:\/\/old.nordicbeet.nu\/sv\/wp-json\/wp\/v2\/pages\/23714\/revisions"}],"predecessor-version":[{"id":25677,"href":"https:\/\/old.nordicbeet.nu\/sv\/wp-json\/wp\/v2\/pages\/23714\/revisions\/25677"}],"wp:attachment":[{"href":"https:\/\/old.nordicbeet.nu\/sv\/wp-json\/wp\/v2\/media?parent=23714"}],"curies":[{"name":"wp","href":"https:\/\/api.w.org\/{rel}","templated":true}]}}