{"id":23835,"date":"2025-03-18T13:20:35","date_gmt":"2025-03-18T13:20:35","guid":{"rendered":"https:\/\/www.nordicbeet.nu\/?page_id=23835"},"modified":"2025-07-08T12:30:00","modified_gmt":"2025-07-08T12:30:00","slug":"godkanda-projekt","status":"publish","type":"page","link":"https:\/\/old.nordicbeet.nu\/sv\/godkanda-projekt\/","title":{"rendered":"Godk\u00e4nda projekt"},"content":{"rendered":"<div class=\"wpb-content-wrapper\"><p>[vc_row][vc_column][vc_column_text css=&#8221;&#8221;]<strong>Jordbruksverket har beviljat projektst\u00f6d f\u00f6r projektet \u201dBek\u00e4mpningsstrategier f\u00f6r Cercospora i sockerbets- och r\u00f6dbetsodling\u201d<\/strong><\/p>\n<p>Cercospora \u00e4r en bladsvampssjukdom som orsakar stora sk\u00f6rdef\u00f6rluster i sockerbetsodling runt om i v\u00e4rlden. I Sverige \u00e4r sjukdomen \u00e4n s\u00e5 l\u00e4nge relativt begr\u00e4nsad men i bladsvampsbevakningen de senaste \u00e5ren har vi sett en \u00f6kning av symptomen och att de f\u00f6rsta fl\u00e4ckarna kommer n\u00e5got tidigare. Vi vill arbeta proaktivt f\u00f6r att finna l\u00f6sningar f\u00f6r att p\u00e5 ett effektivt s\u00e4tt kunna kontrollera sjukdomen n\u00e4r den blir ett mer reellt problem.<\/p>\n<p>Inom beviljat projektst\u00f6d kommer vi att:<\/p>\n<ul>\n<li>Inventera f\u00f6rekomsten av Cercospora i odlingsomr\u00e5det<\/li>\n<li>Samla in blad f\u00f6r identifiering i labb<\/li>\n<li>Utveckla metoder f\u00f6r inokulerade f\u00e4ltf\u00f6rs\u00f6k<\/li>\n<li>Unders\u00f6ka om olika isolat av svampen \u00e4r resistenta mot fungicider<\/li>\n<\/ul>\n<p>Resultaten av detta projekt kommer att g\u00f6ra det m\u00f6jligt f\u00f6r oss att p\u00e5 ett tillf\u00f6rlitligt s\u00e4tt testa sorters tolerans mot svampen samt utv\u00e4rdera verkningsgrad f\u00f6r olika preparat.[\/vc_column_text][\/vc_column][\/vc_row][vc_row][vc_column width=&#8221;1\/2&#8243;][vc_single_image image=&#8221;23849&#8243; alignment=&#8221;center&#8221; css=&#8221;&#8221;][\/vc_column][vc_column width=&#8221;1\/2&#8243;][vc_single_image image=&#8221;23846&#8243; alignment=&#8221;center&#8221; css=&#8221;&#8221;][\/vc_column][\/vc_row][vc_row][vc_column][vc_column_text css=&#8221;&#8221;]<strong>Framtidens v\u00e4xtskyddsmetoder<\/strong><\/p>\n<p>NBR genomf\u00f6rde under 2024 tv\u00e5 delprojekt inom projektet \u201dMindre m\u00e4ngd v\u00e4xtskyddsmedel genom mer precision\u201d som medfinansierades genom Jordbruksverket och Europeiska unionen.<\/p>\n<p>Dels omfattade det en test av punktsprutning med en Farmdroid-robot, som b\u00e5de s\u00e5r och ogr\u00e4sbek\u00e4mpar sockerbetorna, fr\u00e4mst mekaniskt, men precis runt varje beta ocks\u00e5 kemiskt. En insats som sparar ungef\u00e4r 90 % av m\u00e4ngden ogr\u00e4spreparat i j\u00e4mf\u00f6relse med en konventionell bredsprutning.<\/p>\n<p>Vidare s\u00e5 anordnades ocks\u00e5 en f\u00e4ltdag i b\u00f6rjan av juni med ungef\u00e4r 200 deltagare med fokus p\u00e5 \u00f6kad precision och s\u00e4kerst\u00e4lld effekt kring sprutteknik. D\u00e4r visades bland annat tekniken med punktbehandling p\u00e5 Farmdroiden, bandsprutning med konventionella bomsprutor och f\u00f6rs\u00f6k med b\u00e4sta sprutteknik f\u00f6r ogr\u00e4sbek\u00e4mpning i sockerbetor.[\/vc_column_text][\/vc_column][\/vc_row][vc_row][vc_column width=&#8221;1\/3&#8243;][vc_single_image image=&#8221;23849&#8243; alignment=&#8221;center&#8221; css=&#8221;&#8221;][\/vc_column][vc_column width=&#8221;1\/3&#8243;][vc_single_image image=&#8221;24324&#8243; alignment=&#8221;center&#8221; css=&#8221;&#8221;][\/vc_column][vc_column width=&#8221;1\/3&#8243;][vc_single_image image=&#8221;24327&#8243; alignment=&#8221;center&#8221; css=&#8221;&#8221;][\/vc_column][\/vc_row]<\/p>\n<\/div>","protected":false},"excerpt":{"rendered":"<p>[vc_row][vc_column][vc_column_text css=&#8221;&#8221;]Jordbruksverket har beviljat projektst\u00f6d f\u00f6r projektet \u201dBek\u00e4mpningsstrategier f\u00f6r Cercospora i sockerbets- och r\u00f6dbetsodling\u201d Cercospora \u00e4r en bladsvampssjukdom som orsakar stora sk\u00f6rdef\u00f6rluster i sockerbetsodling runt om i v\u00e4rlden. I Sverige \u00e4r sjukdomen \u00e4n s\u00e5 l\u00e4nge relativt begr\u00e4nsad men i bladsvampsbevakningen de senaste \u00e5ren har vi sett en \u00f6kning av symptomen&#8230;<\/p>\n","protected":false},"author":49,"featured_media":0,"parent":0,"menu_order":0,"comment_status":"closed","ping_status":"closed","template":"","meta":{"_acf_changed":false,"footnotes":""},"class_list":["post-23835","page","type-page","status-publish","hentry"],"acf":[],"_links":{"self":[{"href":"https:\/\/old.nordicbeet.nu\/sv\/wp-json\/wp\/v2\/pages\/23835","targetHints":{"allow":["GET"]}}],"collection":[{"href":"https:\/\/old.nordicbeet.nu\/sv\/wp-json\/wp\/v2\/pages"}],"about":[{"href":"https:\/\/old.nordicbeet.nu\/sv\/wp-json\/wp\/v2\/types\/page"}],"author":[{"embeddable":true,"href":"https:\/\/old.nordicbeet.nu\/sv\/wp-json\/wp\/v2\/users\/49"}],"replies":[{"embeddable":true,"href":"https:\/\/old.nordicbeet.nu\/sv\/wp-json\/wp\/v2\/comments?post=23835"}],"version-history":[{"count":8,"href":"https:\/\/old.nordicbeet.nu\/sv\/wp-json\/wp\/v2\/pages\/23835\/revisions"}],"predecessor-version":[{"id":24331,"href":"https:\/\/old.nordicbeet.nu\/sv\/wp-json\/wp\/v2\/pages\/23835\/revisions\/24331"}],"wp:attachment":[{"href":"https:\/\/old.nordicbeet.nu\/sv\/wp-json\/wp\/v2\/media?parent=23835"}],"curies":[{"name":"wp","href":"https:\/\/api.w.org\/{rel}","templated":true}]}}